{"id":2106,"date":"2021-03-25T04:08:26","date_gmt":"2021-03-25T04:08:26","guid":{"rendered":"http:\/\/localhost\/nuss\/?page_id=298"},"modified":"2025-12-16T10:42:56","modified_gmt":"2025-12-16T10:42:56","slug":"experiences","status":"publish","type":"page","link":"https:\/\/huayihotelshenzhen.com\/fr\/experiences\/","title":{"rendered":"Avis sur l&#039;h\u00f4tel HUAYI \u00e0 Shenzhen"},"content":{"rendered":"<div data-elementor-type=\"wp-page\" data-elementor-id=\"2106\" class=\"elementor elementor-2106\">\n\t\t\t\t\t\t<section class=\"elementor-section elementor-top-section elementor-element elementor-element-1954ffc elementor-section-boxed elementor-section-gap-beside-yes elementor-section-height-default elementor-section-height-default elementor-section-column-vertical-align-stretch\" data-id=\"1954ffc\" data-element_type=\"section\" data-e-type=\"section\">\n\t\t\t\t\t\t<div class=\"elementor-container elementor-column-gap-extended\">\n\t\t\t\t\t<div class=\"elementor-column elementor-col-100 elementor-top-column elementor-element elementor-element-86aebc5\" data-id=\"86aebc5\" data-element_type=\"column\" data-e-type=\"column\">\n\t\t\t<div class=\"elementor-widget-wrap elementor-element-populated\">\n\t\t\t\t\t\t<div class=\"elementor-element elementor-element-11803d1 elementor-widget__width-initial elementor-invisible elementor-widget elementor-widget-text-editor\" data-id=\"11803d1\" data-element_type=\"widget\" data-e-type=\"widget\" data-settings=\"{&quot;_animation&quot;:&quot;nussFadeInUp&quot;}\" data-widget_type=\"text-editor.default\">\n\t\t\t\t\t\t\t\t\t<div class=\"svelte-1c06zsf\" data-lang-code=\"\"><p class=\"qwen-markdown-paragraph\"><strong class=\"qwen-markdown-strong\"><span class=\"qwen-markdown-text\" data-spm-anchor-id=\"a2ty_o01.29997173.0.i51.48835171MqHGyi\">H\u00f4tel HUAYI (Gare de Shenzhen Nord)\u00a0: D\u00e9couvrez pourquoi plus de 14\u00a0000 clients ont attribu\u00e9 la note de 9,4\/10 \u00e0 ce joyau de Longhua<\/span><\/strong><\/p><\/div>\t\t\t\t\t\t\t\t<\/div>\n\t\t\t\t\t<\/div>\n\t\t<\/div>\n\t\t\t\t\t<\/div>\n\t\t<\/section>\n\t\t<div class=\"elementor-element elementor-element-95e7268 e-flex e-con-boxed e-con e-parent\" data-id=\"95e7268\" data-element_type=\"container\" data-e-type=\"container\">\n\t\t\t\t\t<div class=\"e-con-inner\">\n\t\t\t\t<div class=\"elementor-element elementor-element-bd47571 elementor-widget elementor-widget-image\" data-id=\"bd47571\" data-element_type=\"widget\" data-e-type=\"widget\" data-widget_type=\"image.default\">\n\t\t\t\t\t\t\t\t\t\t\t\t\t\t\t\t<a href=\"https:\/\/www.trip.com\/hotels\/shenzhen-hotel-detail-2164811\/huayi-hotel\/?Allianceid=4590391&#038;SID=283411941&#038;trip_sub1=&#038;trip_sub3=D8522663\" target=\"_blank\" rel=\"noopener\">\n\t\t\t\t\t\t\t<img fetchpriority=\"high\" decoding=\"async\" width=\"1726\" height=\"1309\" src=\"https:\/\/huayihotelshenzhen.com\/wp-content\/uploads\/2025\/12\/huayi-hotel-reviews.jpg\" class=\"attachment-full size-full wp-image-7300\" alt=\"\" srcset=\"https:\/\/huayihotelshenzhen.com\/wp-content\/uploads\/2025\/12\/huayi-hotel-reviews.jpg 1726w, https:\/\/huayihotelshenzhen.com\/wp-content\/uploads\/2025\/12\/huayi-hotel-reviews-300x228.jpg 300w, https:\/\/huayihotelshenzhen.com\/wp-content\/uploads\/2025\/12\/huayi-hotel-reviews-1024x777.jpg 1024w, https:\/\/huayihotelshenzhen.com\/wp-content\/uploads\/2025\/12\/huayi-hotel-reviews-768x582.jpg 768w, https:\/\/huayihotelshenzhen.com\/wp-content\/uploads\/2025\/12\/huayi-hotel-reviews-1536x1165.jpg 1536w, https:\/\/huayihotelshenzhen.com\/wp-content\/uploads\/2025\/12\/huayi-hotel-reviews-16x12.jpg 16w\" sizes=\"(max-width: 1726px) 100vw, 1726px\" \/>\t\t\t\t\t\t\t\t<\/a>\n\t\t\t\t\t\t\t\t\t\t\t\t\t\t\t<\/div>\n\t\t\t\t\t<\/div>\n\t\t\t\t<\/div>\n\t\t<div class=\"elementor-element elementor-element-be2187a e-flex e-con-boxed e-con e-parent\" data-id=\"be2187a\" data-element_type=\"container\" data-e-type=\"container\">\n\t\t\t\t\t<div class=\"e-con-inner\">\n\t\t\t\t<div class=\"elementor-element elementor-element-a9276ee elementor-widget elementor-widget-text-editor\" data-id=\"a9276ee\" data-element_type=\"widget\" data-e-type=\"widget\" data-widget_type=\"text-editor.default\">\n\t\t\t\t\t\t\t\t\t<p class=\"qwen-markdown-paragraph\"><span class=\"qwen-markdown-text\" data-spm-anchor-id=\"a2ty_o01.29997173.0.i52.48835171MqHGyi\">Oubliez les avis d&#039;h\u00f4tels g\u00e9n\u00e9riques\u00a0: ce qui compte vraiment, c&#039;est l&#039;exp\u00e9rience authentique et sans filtre des voyageurs ayant s\u00e9journ\u00e9 \u00e0 l&#039;h\u00f4tel HUAYI (gare ferroviaire du Nord de Shenzhen). Avec un service exceptionnel <\/span><strong class=\"qwen-markdown-strong\"><span class=\"qwen-markdown-text\">Note de 9,4\/10<\/span><\/strong><span class=\"qwen-markdown-text\"> bas\u00e9 sur plus de <\/span><strong class=\"qwen-markdown-strong\"><span class=\"qwen-markdown-text\">14\u00a0336 avis clients v\u00e9rifi\u00e9s<\/span><\/strong><span class=\"qwen-markdown-text\"> Sur Trip.com, ce havre de paix 4 \u00e9toiles du district de Longhua n&#039;est pas seulement populaire\u00a0: il est d&#039;une qualit\u00e9 exceptionnelle. Les voyageurs venus de toute la Chine et d&#039;ailleurs ne se contentent pas d&#039;y s\u00e9journer\u00a0; ils vantent les m\u00e9rites de son parfait \u00e9quilibre entre confort moderne, service attentionn\u00e9 et emplacement id\u00e9al, qui rendent chaque s\u00e9jour des plus agr\u00e9ables.<\/span><\/p><p class=\"qwen-markdown-paragraph\"><strong class=\"qwen-markdown-strong\"><span class=\"qwen-markdown-text\">Verdict\u00a0: Un service \u201c\u00a0exceptionnel\u00a0\u201d qui d\u00e9passe les attentes<\/span><\/strong><\/p><p class=\"qwen-markdown-paragraph\"><span class=\"qwen-markdown-text\">Les clients font unanimement l&#039;\u00e9loge du personnel pour sa chaleur humaine, son efficacit\u00e9 et sa capacit\u00e9 \u00e0 r\u00e9soudre les probl\u00e8mes de mani\u00e8re proactive. Un client a notamment fait remarquer\u00a0:, <\/span><em><span class=\"qwen-markdown-text\">\u201c Le personnel est incroyablement aimable et attentionn\u00e9 : on nous a offert un th\u00e9 de bienvenue \u00e0 notre arriv\u00e9e et on a r\u00e9pondu instantan\u00e9ment \u00e0 toutes nos demandes. \u201d<\/span><\/em><span class=\"qwen-markdown-text\"> Un autre voyageur a partag\u00e9 ce sentiment, soulignant combien l&#039;\u00e9quipe avait su rendre son arriv\u00e9e tardive, apr\u00e8s un voyage en TGV, rassurante et chaleureuse. La r\u00e9ception ouverte 24h\/24 n&#039;est pas un simple atout\u00a0: c&#039;est une v\u00e9ritable bou\u00e9e de sauvetage pour les voyageurs d&#039;affaires prenant un train t\u00f4t le matin ou les touristes rentrant de leurs visites nocturnes de la ville. De l&#039;enregistrement et du d\u00e9part rapides \u00e0 l&#039;aide \u00e0 la r\u00e9servation de taxis ou aux recommandations de restaurants locaux, l&#039;\u00e9quipe transforme les interactions quotidiennes en moments d&#039;hospitalit\u00e9 m\u00e9morables.<\/span><\/p><p class=\"qwen-markdown-paragraph\"><strong class=\"qwen-markdown-strong\"><span class=\"qwen-markdown-text\">Propret\u00e9 et confort : un havre de paix en pleine ville<\/span><\/strong><\/p><p class=\"qwen-markdown-paragraph\"><span class=\"qwen-markdown-text\">Malgr\u00e9 sa proximit\u00e9 avec la gare anim\u00e9e de Shenzhen Nord (\u00e0 seulement 1,9 km), les clients attribuent r\u00e9guli\u00e8rement \u00e0 l&#039;h\u00f4tel une note \u00e9lev\u00e9e en mati\u00e8re de propret\u00e9. <\/span><strong class=\"qwen-markdown-strong\"><span class=\"qwen-markdown-text\">9.4\/10<\/span><\/strong><span class=\"qwen-markdown-text\">. Les chambres, toutes r\u00e9nov\u00e9es en 2022, sont d\u00e9crites comme \u201c impeccables \u201d, \u201c sans poussi\u00e8re \u201d et \u201c sereines \u201d. Les fen\u00eatres insonoris\u00e9es constituent un atout majeur, pl\u00e9biscit\u00e9es pour leur capacit\u00e9 \u00e0 bloquer les bruits de la ville et \u00e0 garantir un sommeil r\u00e9parateur \u2013 un d\u00e9tail essentiel pour les voyageurs press\u00e9s. De nombreux avis mentionnent notamment\u2026 <\/span><strong class=\"qwen-markdown-strong\"><span class=\"qwen-markdown-text\">Literie Eclan Sleep Aid<\/span><\/strong><span class=\"qwen-markdown-text\">, L&#039;\u00e9tablissement le qualifie de \u201c luxueusement confortable \u201d, id\u00e9al pour se remettre de longs vols ou de journ\u00e9es de travail exigeantes. M\u00eame les plus petits d\u00e9tails comptent : les clients appr\u00e9cient la pr\u00e9sence d&#039;\u00e9quipements gratuits comme des chaussons, des brosses \u00e0 dents et m\u00eame des couvre-si\u00e8ges de toilettes jetables, t\u00e9moignant d&#039;un engagement envers l&#039;hygi\u00e8ne irr\u00e9prochable.<\/span><\/p><p class=\"qwen-markdown-paragraph\"><strong class=\"qwen-markdown-strong\"><span class=\"qwen-markdown-text\">Petit-d\u00e9jeuner : un atout culinaire qui rivalise avec les restaurants sp\u00e9cialis\u00e9s<\/span><\/strong><\/p><p class=\"qwen-markdown-paragraph\"><span class=\"qwen-markdown-text\">L&#039;un des aspects les plus souvent vant\u00e9s de l&#039;exp\u00e9rience HUAYI est son <\/span><strong class=\"qwen-markdown-strong\"><span class=\"qwen-markdown-text\">buffet de petit-d\u00e9jeuner quotidien<\/span><\/strong><span class=\"qwen-markdown-text\" data-spm-anchor-id=\"a2ty_o01.29997173.0.i53.48835171MqHGyi\">. Servi de 7h30 \u00e0 10h30, ce buffet propose un m\u00e9lange de sp\u00e9cialit\u00e9s chinoises et occidentales d&#039;une qualit\u00e9 et d&#039;une vari\u00e9t\u00e9 remarquables. Au menu\u00a0: brioches vapeur moelleuses (baozi), congee savoureux, \u0153ufs parfaitement cuits, toasts croustillants, fruits frais et bien plus encore. Comme l&#039;a si bien dit un client ravi\u00a0:, <\/span><em><span class=\"qwen-markdown-text\">\u201c Le petit-d\u00e9jeuner est tellement bon qu&#039;il rivalise avec ceux des restaurants sp\u00e9cialis\u00e9s \u2013 j&#039;ai mang\u00e9 jusqu&#039;\u00e0 \u00eatre compl\u00e8tement rassasi\u00e9 tous les matins ! \u201d<\/span><\/em><span class=\"qwen-markdown-text\"> Que ce soit pour faire le plein d&#039;\u00e9nergie avant une journ\u00e9e de r\u00e9unions ou une visite touristique, ce repas allie praticit\u00e9 et saveur, donnant le ton \u00e0 une journ\u00e9e r\u00e9ussie.<\/span><\/p><p class=\"qwen-markdown-paragraph\"><strong class=\"qwen-markdown-strong\"><span class=\"qwen-markdown-text\">\u00c9quipements intelligents et petites attentions : quand le confort rencontre l&#039;innovation<\/span><\/strong><\/p><p class=\"qwen-markdown-paragraph\"><span class=\"qwen-markdown-text\">L&#039;h\u00f4tel HUAYI comprend que les voyageurs modernes appr\u00e9cient l&#039;efficacit\u00e9. Le service gratuit <\/span><strong class=\"qwen-markdown-strong\"><span class=\"qwen-markdown-text\">service de blanchisserie sur place<\/span><\/strong><span class=\"qwen-markdown-text\"> C&#039;est une v\u00e9ritable r\u00e9volution\u00a0: les v\u00eatements sont rendus soigneusement pli\u00e9s et pr\u00eats \u00e0 porter d\u00e8s le lendemain matin, un atout pr\u00e9cieux pour les longs s\u00e9jours. L&#039;adoption des technologies par l&#039;h\u00f4tel se manifeste notamment par des services comme\u2026 <\/span><strong class=\"qwen-markdown-strong\"><span class=\"qwen-markdown-text\">stations de recharge USB multiport<\/span><\/strong><span class=\"qwen-markdown-text\"> dans les chambres et <\/span><strong class=\"qwen-markdown-strong\"><span class=\"qwen-markdown-text\">robots de service<\/span><\/strong><span class=\"qwen-markdown-text\"> qui proposent des articles empreints d&#039;un charme futuriste. Les clients appr\u00e9cient \u00e9galement les avantages pratiques tels que\u00a0: <\/span><strong class=\"qwen-markdown-strong\"><span class=\"qwen-markdown-text\">Wi-Fi gratuit<\/span><\/strong><span class=\"qwen-markdown-text\">, <\/span><strong class=\"qwen-markdown-strong\"><span class=\"qwen-markdown-text\">bagagerie<\/span><\/strong><span class=\"qwen-markdown-text\">, et <\/span><strong class=\"qwen-markdown-strong\"><span class=\"qwen-markdown-text\">enregistrement\/d\u00e9part express<\/span><\/strong><span class=\"qwen-markdown-text\"> gr\u00e2ce \u00e0 des lecteurs de cartes d&#039;identit\u00e9 \u00e9lectroniques, ce qui minimise les temps d&#039;attente et maximise la productivit\u00e9.<\/span><\/p><p class=\"qwen-markdown-paragraph\"><strong class=\"qwen-markdown-strong\"><span class=\"qwen-markdown-text\">Emplacement : Votre porte d&#039;entr\u00e9e vers le c\u0153ur vibrant de Shenzhen<\/span><\/strong><\/p><p class=\"qwen-markdown-paragraph\"><span class=\"qwen-markdown-text\">Situ\u00e9 dans le district de Longhua, l&#039;h\u00f4tel offre un acc\u00e8s incomparable aux transports et aux attractions touristiques. <\/span><strong class=\"qwen-markdown-strong\"><span class=\"qwen-markdown-text\">\u00c0 740 m\u00e8tres de la station de m\u00e9tro Hongshan<\/span><\/strong><span class=\"qwen-markdown-text\"> et <\/span><strong class=\"qwen-markdown-strong\"><span class=\"qwen-markdown-text\">\u00c0 1,9 km de la gare de Shenzhen Nord<\/span><\/strong><span class=\"qwen-markdown-text\">, Gr\u00e2ce \u00e0 cet emplacement strat\u00e9gique, vous pouvez rejoindre en quelques minutes les principaux quartiers d&#039;affaires, des centres commerciaux comme la rue pi\u00e9tonne Xiangnanshangye et des lieux culturels tels que le centre des arts de la sc\u00e8ne Hongshan 6979. Les voyageurs soulignent r\u00e9guli\u00e8rement ce gain de temps et la r\u00e9duction du stress li\u00e9 aux d\u00e9placements, ce qui en fait un lieu id\u00e9al pour les voyageurs d&#039;affaires comme pour les passagers en transit souhaitant une escale pratique.<\/span><\/p><p class=\"qwen-markdown-paragraph\"><strong class=\"qwen-markdown-strong\"><span class=\"qwen-markdown-text\">T\u00e9moignages de voyageurs : ce qu&#039;ils disent<\/span><\/strong><\/p><ul class=\"qwen-markdown-list\" dir=\"auto\"><li><span class=\"qwen-markdown-text\"><em>\u201c Une agr\u00e9able surprise pour une escale ! La chambre \u00e9tait spacieuse, propre et calme. Le service de blanchisserie \u00e9tait tr\u00e8s appr\u00e9ciable et le petit-d\u00e9jeuner d\u00e9licieux. Je recommande vivement cet h\u00f4tel \u00e0 tous ceux qui transitent par la gare de Shenzhen Nord. \u201d<\/em> \u2014 WeChat247963****, d\u00e9cembre 2025<\/span><\/li><li><span class=\"qwen-markdown-text\"><em>\u201c L\u2019attention port\u00e9e aux d\u00e9tails par le personnel a rendu notre s\u00e9jour inoubliable. Du th\u00e9 de bienvenue au linge parfaitement pli\u00e9, chaque instant \u00e9tait personnalis\u00e9. Propret\u00e9, confort et excellent rapport qualit\u00e9-prix. \u201d<\/em> \u2014 Utilisateur invit\u00e9, d\u00e9cembre 2025<\/span><\/li><li><span class=\"qwen-markdown-text\"><em>\u201c\u00a0Parfait pour les voyages d&#039;affaires. Wi-Fi rapide, chambres calmes et salle de sport pour se d\u00e9tendre apr\u00e8s les r\u00e9unions. Le buffet du petit-d\u00e9jeuner vaut vraiment le d\u00e9tour\u00a0!\u00a0\u201d<\/em> \u2014 Business Traveler, novembre 2025<\/span><\/li><\/ul><p class=\"qwen-markdown-paragraph\"><strong class=\"qwen-markdown-strong\"><span class=\"qwen-markdown-text\">Pourquoi HUAYI se distingue : Conclusion<\/span><\/strong><\/p><p class=\"qwen-markdown-paragraph\" data-spm-anchor-id=\"a2ty_o01.29997173.0.i54.48835171MqHGyi\"><span class=\"qwen-markdown-text\">Dans une ville regorgeant d&#039;h\u00f4tels, l&#039;h\u00f4tel HUAYI (gare de Shenzhen Nord) se distingue non par sa grandeur, mais par sa constance, son attention port\u00e9e aux d\u00e9tails et son design ing\u00e9nieux. C&#039;est le genre d&#039;\u00e9tablissement o\u00f9 les petites attentions \u2013 comme un chargeur multiport, une tasse de th\u00e9 offerte ou une chemise fra\u00eechement lav\u00e9e \u2013 contribuent grandement \u00e0 une exp\u00e9rience m\u00e9morable. Avec une note de 9,4\/10, plus de 14\u00a0000 avis \u00e9logieux et une r\u00e9putation d&#039;excellence en mati\u00e8re de service, de propret\u00e9 et d&#039;emplacement, il n&#039;est pas \u00e9tonnant que les clients y reviennent. Que vous soyez \u00e0 Shenzhen pour affaires, en transit ou pour le plaisir, l&#039;h\u00f4tel HUAYI vous offre une exp\u00e9rience non seulement satisfaisante, mais v\u00e9ritablement agr\u00e9able. R\u00e9servez votre s\u00e9jour et d\u00e9couvrez pourquoi ce joyau de Longhua est le secret le mieux gard\u00e9 des voyageurs avertis de Shenzhen.<\/span><\/p>\t\t\t\t\t\t\t\t<\/div>\n\t\t\t\t\t<\/div>\n\t\t\t\t<\/div>\n\t\t\t\t<\/div>","protected":false},"excerpt":{"rendered":"<p>HUAYI Hotel (Shenzhen North Railway Station) Reviews: Why 14,000+ Guests Give This Longhua Gem a 9.4\/10 Rating Forget generic hotel reviews\u2014what truly matters is the real, unfiltered experience of travelers who\u2019ve stayed at HUAYI Hotel (Shenzhen North Railway Station). With an outstanding 9.4\/10 rating based on over 14,336 verified guest reviews on Trip.com, this 4-star [&hellip;]<\/p>\n","protected":false},"author":1,"featured_media":0,"parent":0,"menu_order":0,"comment_status":"closed","ping_status":"closed","template":"","meta":{"footnotes":""},"class_list":["post-2106","page","type-page","status-publish","hentry","post-no-thumbnail"],"_links":{"self":[{"href":"https:\/\/huayihotelshenzhen.com\/fr\/wp-json\/wp\/v2\/pages\/2106","targetHints":{"allow":["GET"]}}],"collection":[{"href":"https:\/\/huayihotelshenzhen.com\/fr\/wp-json\/wp\/v2\/pages"}],"about":[{"href":"https:\/\/huayihotelshenzhen.com\/fr\/wp-json\/wp\/v2\/types\/page"}],"author":[{"embeddable":true,"href":"https:\/\/huayihotelshenzhen.com\/fr\/wp-json\/wp\/v2\/users\/1"}],"replies":[{"embeddable":true,"href":"https:\/\/huayihotelshenzhen.com\/fr\/wp-json\/wp\/v2\/comments?post=2106"}],"version-history":[{"count":0,"href":"https:\/\/huayihotelshenzhen.com\/fr\/wp-json\/wp\/v2\/pages\/2106\/revisions"}],"wp:attachment":[{"href":"https:\/\/huayihotelshenzhen.com\/fr\/wp-json\/wp\/v2\/media?parent=2106"}],"curies":[{"name":"wp","href":"https:\/\/api.w.org\/{rel}","templated":true}]}}